{"id":2259,"date":"2017-04-27T12:59:17","date_gmt":"2017-04-27T12:59:17","guid":{"rendered":"http:\/\/jocatapult.de\/?product=einhaengeschlaufe-2-fach-thera-band-schwarz-fuer-zwille-verschiedene-laengen"},"modified":"2024-01-30T09:12:08","modified_gmt":"2024-01-30T09:12:08","slug":"einhaengeschlaufe-2-fach-thera-band-schwarz-fuer-zwille-verschiedene-laengen","status":"publish","type":"product","link":"http:\/\/jocatapult.de\/?product=einhaengeschlaufe-2-fach-thera-band-schwarz-fuer-zwille-verschiedene-laengen","title":{"rendered":"Einh\u00e4ngeschlaufe 2 Fach Theraband schwarz  f\u00fcr Zwille &#8211; verschiedene L\u00e4ngen"},"content":{"rendered":"","protected":false},"excerpt":{"rendered":"<p>Dieses Flachband ist mit Schlaufen auf jeder Seite angefertigt und l\u00e4sst sich bei daf\u00fcr vorgesehenden Schleudern einh\u00e4ngen. Das Band hat einen konischen Zuschnitt und ist dadurch leistungsf\u00e4higer als gerade zugeschnittene B\u00e4nder. Das schwarze Theraband ist schneller als das Goldene und erreicht h\u00f6here Geschwindigkeiten.<\/p>\n<p><strong>L\u00e4nge:<\/strong> Die L\u00e4nge ist danach auszuw\u00e4hlen ob man bis zum Kinn, der Wange (21cm L\u00e4nge) oder bis zur Schulter oder noch weiter ausziehen m\u00f6chte (25cm bis 30cm).<\/p>\n<p><strong>Bandzuschnitt:\u00a0<\/strong>Weil dieses Band in die Schleuder eingeh\u00e4ngt wird, ist darauf zu achten wie gro\u00df die Einh\u00e4ngevorrichtung ist. Im Zweifel lieber 20mm auf 12mm oder 22 auf 12mm w\u00e4hlen.<\/p>\n<p><strong>Lederst\u00fcck:<\/strong>\u00a0Das Leder ist aus stabilen K\u00e4nguruleder was besonders rei\u00dffest ist. Es ist 6,5cm breit und hat zus\u00e4tzliche L\u00f6cher f\u00fcr weniger Luftwiderstand. Es ist in 4 Farben erh\u00e4ltlich.<\/p>\n<p><strong>Schussobjektgr\u00f6\u00dfe<\/strong>: 10 bis 25 mm<\/p>\n<p><strong>Haltbarkeit:<\/strong> Gummib\u00e4nder sind Verschlei\u00dfteile und haben eine begrenzte Lebensdauer. In den mei\u00dfsten F\u00e4llen rei\u00dfen sie zuerst an der Bindestelle bei dem Lederst\u00fcck. Diese zweifachen Flachb\u00e4nder haben im Vergleich zu einfachen B\u00e4ndern eine wesentlich h\u00f6here Lebensdauer.<\/p>\n","protected":false},"featured_media":2263,"comment_status":"closed","ping_status":"closed","template":"","meta":{"jetpack_post_was_ever_published":false},"product_cat":[143],"product_tag":[160,205,158,162,161,182,159,206],"_links":{"self":[{"href":"http:\/\/jocatapult.de\/index.php?rest_route=\/wp\/v2\/product\/2259"}],"collection":[{"href":"http:\/\/jocatapult.de\/index.php?rest_route=\/wp\/v2\/product"}],"about":[{"href":"http:\/\/jocatapult.de\/index.php?rest_route=\/wp\/v2\/types\/product"}],"replies":[{"embeddable":true,"href":"http:\/\/jocatapult.de\/index.php?rest_route=%2Fwp%2Fv2%2Fcomments&post=2259"}],"wp:featuredmedia":[{"embeddable":true,"href":"http:\/\/jocatapult.de\/index.php?rest_route=\/wp\/v2\/media\/2263"}],"wp:attachment":[{"href":"http:\/\/jocatapult.de\/index.php?rest_route=%2Fwp%2Fv2%2Fmedia&parent=2259"}],"wp:term":[{"taxonomy":"product_cat","embeddable":true,"href":"http:\/\/jocatapult.de\/index.php?rest_route=%2Fwp%2Fv2%2Fproduct_cat&post=2259"},{"taxonomy":"product_tag","embeddable":true,"href":"http:\/\/jocatapult.de\/index.php?rest_route=%2Fwp%2Fv2%2Fproduct_tag&post=2259"}],"curies":[{"name":"wp","href":"https:\/\/api.w.org\/{rel}","templated":true}]}}