{"id":2265,"date":"2017-04-27T13:20:15","date_gmt":"2017-04-27T13:20:15","guid":{"rendered":"http:\/\/jocatapult.de\/?product=starkes-theraband-tube-schwarz-2"},"modified":"2024-01-30T09:07:47","modified_gmt":"2024-01-30T09:07:47","slug":"starkes-theraband-tube-schwarz-2","status":"publish","type":"product","link":"http:\/\/jocatapult.de\/?product=starkes-theraband-tube-schwarz-2","title":{"rendered":"Starkes Theraband Tube Schwarz"},"content":{"rendered":"","protected":false},"excerpt":{"rendered":"<p>Passend f\u00fcr Schleudern mit Gabel zum aufstecken oder zum Festbinden an jede Eigenbauschleuder.<\/p>\n<p>Auszugsl\u00e4nge: 1 x Schlauchgummi aus Theraband schwarz zum aufstecken und montieren f\u00fcr Schleuder\/Zwille + 2 Montagestreifen<\/p>\n<p>Passend f\u00fcr Schleudern mit Gabel zum aufstecken oder zum Festbinden an jede Eigenbauschleuder.<\/p>\n<p>Auszugsl\u00e4nge: Je nach Tubel\u00e4nge bis Kinn oder bis hinter die Schulter.<\/p>\n<p>Lederlasche\/Pouch aus stabilen dicken Rinderleder: 7cm mit 3 L\u00f6chern f\u00fcr weniger Luftwiderstand<\/p>\n<p>Schussobjektgr\u00f6\u00dfe: 12 bis 25 mm<\/p>\n<p>Das extra starke schwarze Schlauchgummi von Theraband l\u00e4sst sich je nach L\u00e4nge bis zum Kinn oder bis hinter die Schulter ausziehen. Der 7 cm breite Pouch\/Brief ist aus braunen stabilen Rinderleder und erzeugt durch zus\u00e4tzliche L\u00f6cher einen geringeren Luftwiderstand. Das Loch in der Mitte erm\u00f6glicht ein besseres Halten des Projektils und einen genaueren Abschuss.<\/p>\n<p>Montagehinweiss:<br \/>\nDie beiden Enden des Schlauches etwas anfeuchten, dann l\u00e4sst sich der Schlauch leichter auf die daf\u00fcr passenden Gabelenden schieben. Eine Nacht trocknen lassen, fertig! F\u00fcr noch mehr Festigkeit, kann man die Schlauchenden auch mit den Montagestreifen umwickeln, damit sie noch fester an der Gabel sind.<\/p>\n<p>!! Eine Schleuder ist kein Spielzeug! Immer einen Augenschutz tragen und nicht auf Menschen und Tiere zielen. !!<\/p>\n","protected":false},"featured_media":2357,"comment_status":"closed","ping_status":"closed","template":"","meta":{"jetpack_post_was_ever_published":false},"product_cat":[143],"product_tag":[160,158,162,161,182,209,208,207],"_links":{"self":[{"href":"http:\/\/jocatapult.de\/index.php?rest_route=\/wp\/v2\/product\/2265"}],"collection":[{"href":"http:\/\/jocatapult.de\/index.php?rest_route=\/wp\/v2\/product"}],"about":[{"href":"http:\/\/jocatapult.de\/index.php?rest_route=\/wp\/v2\/types\/product"}],"replies":[{"embeddable":true,"href":"http:\/\/jocatapult.de\/index.php?rest_route=%2Fwp%2Fv2%2Fcomments&post=2265"}],"wp:featuredmedia":[{"embeddable":true,"href":"http:\/\/jocatapult.de\/index.php?rest_route=\/wp\/v2\/media\/2357"}],"wp:attachment":[{"href":"http:\/\/jocatapult.de\/index.php?rest_route=%2Fwp%2Fv2%2Fmedia&parent=2265"}],"wp:term":[{"taxonomy":"product_cat","embeddable":true,"href":"http:\/\/jocatapult.de\/index.php?rest_route=%2Fwp%2Fv2%2Fproduct_cat&post=2265"},{"taxonomy":"product_tag","embeddable":true,"href":"http:\/\/jocatapult.de\/index.php?rest_route=%2Fwp%2Fv2%2Fproduct_tag&post=2265"}],"curies":[{"name":"wp","href":"https:\/\/api.w.org\/{rel}","templated":true}]}}