{"id":3283,"date":"2023-03-14T14:07:51","date_gmt":"2023-03-14T14:07:51","guid":{"rendered":"https:\/\/jocatapult.de\/?page_id=3283"},"modified":"2025-05-28T11:57:51","modified_gmt":"2025-05-28T11:57:51","slug":"erlerne-das-werfen-mit-der-david-schleuder-fertig-ort-noch-aendern","status":"publish","type":"page","link":"https:\/\/jocatapult.de\/?page_id=3283","title":{"rendered":"Erlerne das Werfen mit der David-Schleuder"},"content":{"rendered":"\n<p>In diesem Kurs zeige ich dir die Grundlagen des Schleuder-Werfens. Damit W\u00fcrfe gut gelingen, ist ein Verst\u00e4ndnis f\u00fcr die Wurftechniken, die richtige K\u00f6rperhaltung und die Bewegung wichtig.<\/p>\n\n\n\n<p>F\u00fcr die Dauer des Kurses bekommst du Schleuder und B\u00e4lle. F\u00fcr den Anfang \u00fcben wir mit Tennisb\u00e4llen und einem Netz oder einer Wand als Ziel.<\/p>\n\n\n\n<p><strong>Kursgeb\u00fchr:<\/strong> Auf Anfrage<\/p>\n\n\n\n<p><strong>Dauer des Kurses:<\/strong> Etwa 1 bis 2 Stunden<\/p>\n\n\n\n<p><strong>Ort:<\/strong> In der N\u00e4he von Broderstorf oder nach Absprache im Umkreis Rostock<\/p>\n\n\n\n<p><strong>Termin buchen:<\/strong> Schreibe mir eine E-Mail an <em>jo@jocatapult.de<\/em>. Teile mir gerne deine Terminw\u00fcnsche und die Anzahl der Personen mit. Den Ort und die Zeit sprechen wir dann ab!<\/p>\n","protected":false},"excerpt":{"rendered":"<p>In diesem Kurs zeige ich dir die Grundlagen des Schleuder-Werfens. Damit W\u00fcrfe gut gelingen, ist ein Verst\u00e4ndnis f\u00fcr die Wurftechniken, die richtige K\u00f6rperhaltung und die Bewegung wichtig. F\u00fcr die Dauer des Kurses bekommst du Schleuder und B\u00e4lle. F\u00fcr den Anfang \u00fcben wir mit Tennisb\u00e4llen und einem Netz oder einer Wand als Ziel. Kursgeb\u00fchr: Auf Anfrage Dauer des Kurses: Etwa 1 [&hellip;]<\/p>\n","protected":false},"author":1,"featured_media":4762,"parent":3876,"menu_order":1,"comment_status":"closed","ping_status":"closed","template":"","meta":{"jetpack_post_was_ever_published":false},"_links":{"self":[{"href":"https:\/\/jocatapult.de\/index.php?rest_route=\/wp\/v2\/pages\/3283"}],"collection":[{"href":"https:\/\/jocatapult.de\/index.php?rest_route=\/wp\/v2\/pages"}],"about":[{"href":"https:\/\/jocatapult.de\/index.php?rest_route=\/wp\/v2\/types\/page"}],"author":[{"embeddable":true,"href":"https:\/\/jocatapult.de\/index.php?rest_route=\/wp\/v2\/users\/1"}],"replies":[{"embeddable":true,"href":"https:\/\/jocatapult.de\/index.php?rest_route=%2Fwp%2Fv2%2Fcomments&post=3283"}],"version-history":[{"count":63,"href":"https:\/\/jocatapult.de\/index.php?rest_route=\/wp\/v2\/pages\/3283\/revisions"}],"predecessor-version":[{"id":4809,"href":"https:\/\/jocatapult.de\/index.php?rest_route=\/wp\/v2\/pages\/3283\/revisions\/4809"}],"up":[{"embeddable":true,"href":"https:\/\/jocatapult.de\/index.php?rest_route=\/wp\/v2\/pages\/3876"}],"wp:featuredmedia":[{"embeddable":true,"href":"https:\/\/jocatapult.de\/index.php?rest_route=\/wp\/v2\/media\/4762"}],"wp:attachment":[{"href":"https:\/\/jocatapult.de\/index.php?rest_route=%2Fwp%2Fv2%2Fmedia&parent=3283"}],"curies":[{"name":"wp","href":"https:\/\/api.w.org\/{rel}","templated":true}]}}