{"id":2000,"date":"2016-06-28T13:06:52","date_gmt":"2016-06-28T13:06:52","guid":{"rendered":"http:\/\/jocatapult.de\/?product=3-x-catacatch-golfball"},"modified":"2024-10-24T08:40:09","modified_gmt":"2024-10-24T08:40:09","slug":"3-x-catacatch-golfball","status":"publish","type":"product","link":"https:\/\/jocatapult.de\/?product=3-x-catacatch-golfball","title":{"rendered":"3 x CataCatch-Golfball"},"content":{"rendered":"","protected":false},"excerpt":{"rendered":"<p>CataCatch muss nach jedem Wurf wiedergeholt werden, deswegen ist es sehr praktisch gleich 3 Modelle zu haben.\u00a0Hier bekommt ihr 3x CataCatch-Golfball zum Einzelpreis von 9,90 Euro statt 11,90 Euro und der Versand ist kostenlos.<\/p>\n<p>&nbsp;<\/p>\n<p><strong>Spielvorschl\u00e4ge f\u00fcr CataCatch:<\/strong><\/p>\n<p>Ideale Wurfziele f\u00fcr CataCatch sind Basketballstangen und Torpfosten auf Sportpl\u00e4tzen aber auch Laternen und B\u00e4ume. Bei einem guten Wurf, wickelt sich CataCatch um das Ziel herum und deswegen sind vertikale Gegenst\u00e4nde als Ziel sehr gut geeignet. Eine gute Wurfentfernung liegt zwischen 10 bis 30 Metern.<\/p>\n<p>1) Man stellt sich schulterbreit seitlich zum Ziel.<\/p>\n<p>2) Die Schleuder ist in der hinteren Hand und die vordere Hand l\u00e4sst sich<br \/>\nals Zielhilfe benutzen, indem man in die Richtung des Zieles zeigt.<\/p>\n<p>4) Jetzt wird die Schleuder \u00fcber dem Kopf wie ein Hubschrauber zum Rotieren<br \/>\ngebracht.<\/p>\n<p>5) Nun kommt es darauf an, die Schleuder im richtigen Moment loszulassen.<\/p>\n<p>Video: CataCatch in der Praxis<br \/>\n[yourchannel video=&#8220;https:\/\/youtu.be\/gzi2MqsG64k&#8220;]<\/p>\n","protected":false},"featured_media":2525,"comment_status":"open","ping_status":"closed","template":"","meta":{"jetpack_post_was_ever_published":false},"product_cat":[133,117],"product_tag":[273,274,272],"_links":{"self":[{"href":"https:\/\/jocatapult.de\/index.php?rest_route=\/wp\/v2\/product\/2000"}],"collection":[{"href":"https:\/\/jocatapult.de\/index.php?rest_route=\/wp\/v2\/product"}],"about":[{"href":"https:\/\/jocatapult.de\/index.php?rest_route=\/wp\/v2\/types\/product"}],"replies":[{"embeddable":true,"href":"https:\/\/jocatapult.de\/index.php?rest_route=%2Fwp%2Fv2%2Fcomments&post=2000"}],"wp:featuredmedia":[{"embeddable":true,"href":"https:\/\/jocatapult.de\/index.php?rest_route=\/wp\/v2\/media\/2525"}],"wp:attachment":[{"href":"https:\/\/jocatapult.de\/index.php?rest_route=%2Fwp%2Fv2%2Fmedia&parent=2000"}],"wp:term":[{"taxonomy":"product_cat","embeddable":true,"href":"https:\/\/jocatapult.de\/index.php?rest_route=%2Fwp%2Fv2%2Fproduct_cat&post=2000"},{"taxonomy":"product_tag","embeddable":true,"href":"https:\/\/jocatapult.de\/index.php?rest_route=%2Fwp%2Fv2%2Fproduct_tag&post=2000"}],"curies":[{"name":"wp","href":"https:\/\/api.w.org\/{rel}","templated":true}]}}