{"id":3052,"date":"2021-06-10T15:38:40","date_gmt":"2021-06-10T15:38:40","guid":{"rendered":"https:\/\/jocatapult.de\/?post_type=product&#038;p=3052"},"modified":"2023-08-20T09:07:20","modified_gmt":"2023-08-20T09:07:20","slug":"einzelstueck-starke-schleuder-aus-multiplex-buch-20-tonkugeln","status":"publish","type":"product","link":"https:\/\/jocatapult.de\/?product=einzelstueck-starke-schleuder-aus-multiplex-buch-20-tonkugeln","title":{"rendered":"Einzelst\u00fcck \u2013 starke Schleuder aus Multiplex Buche + 20 Tonkugeln"},"content":{"rendered":"","protected":false},"excerpt":{"rendered":"<p><span style=\"color: #ff0000;\">Achtung! Diese Schleuder wird erst nach der Bestellung angefertigt und die Herstellungszeit kann bis zu 2 Wochen dauern.<\/span><\/p>\n<p>Dieses Einzelst\u00fcck ist aus drei Schichten Multiplex Buche hergestellt. Hierbei handelt es sich um eine besonders starke Schleuder die aufgrund ihrer Bauform sehr gut in der Hand liegt. Sie ist ideal f\u00fcr starke aber auch einfache B\u00e4nder.<\/p>\n<p>Herstellung:<br \/>\n\u2013 3 Schichten ausges\u00e4gt mit einer Dekupiers\u00e4ge<br \/>\n\u2013 Kanten mit einer Fr\u00e4se abgerundet<br \/>\n&#8211; die 3 Schichten zusammengeleimt und getrocknet<br \/>\n&#8211; mit der Bandschleifmaschine alles abgerundet<br \/>\n\u2013 gefeilt und mit Schleifpapier bearbeitet<br \/>\n\u2013 mit Natur Lein\u00f6l bestrichen und getrocknet<\/p>\n<p>+ befestigtes Flachbandgummi<br \/>\n\u2013 Leistungsstarkes 2 Fach Theraband gold mit K\u00e4nguruleder Pouch und 3 L\u00f6chern f\u00fcr weniger Luftwiderstand<br \/>\n\u2013 Optimal f\u00fcr 10mm bis 15mm Schussobjekte<br \/>\n\u2013 25 cm L\u00e4nge \u2013 kann bis Kinn oder maximal Schulter ausgezogen werden<br \/>\n\u2013 Zuschnitt von 25mm bei Gabel auf 12mm bei Pouch<\/p>\n<p>Das goldene Flachband wird angebunden an die Schleuder geliefert!<\/p>\n<p>Wichtig:<br \/>\nDiese B\u00e4nder sind aufgrund der gro\u00dfen Belastung und hohen Geschwindigkeiten Verschlei\u00dfteile und sollten vor jedem Schuss kontrolliert werden.<\/p>\n<p>Nicht auf Menschen oder Tiere zielen!<\/p>\n","protected":false},"featured_media":3054,"comment_status":"closed","ping_status":"closed","template":"","meta":{"jetpack_post_was_ever_published":false},"product_cat":[153],"product_tag":[],"_links":{"self":[{"href":"https:\/\/jocatapult.de\/index.php?rest_route=\/wp\/v2\/product\/3052"}],"collection":[{"href":"https:\/\/jocatapult.de\/index.php?rest_route=\/wp\/v2\/product"}],"about":[{"href":"https:\/\/jocatapult.de\/index.php?rest_route=\/wp\/v2\/types\/product"}],"replies":[{"embeddable":true,"href":"https:\/\/jocatapult.de\/index.php?rest_route=%2Fwp%2Fv2%2Fcomments&post=3052"}],"wp:featuredmedia":[{"embeddable":true,"href":"https:\/\/jocatapult.de\/index.php?rest_route=\/wp\/v2\/media\/3054"}],"wp:attachment":[{"href":"https:\/\/jocatapult.de\/index.php?rest_route=%2Fwp%2Fv2%2Fmedia&parent=3052"}],"wp:term":[{"taxonomy":"product_cat","embeddable":true,"href":"https:\/\/jocatapult.de\/index.php?rest_route=%2Fwp%2Fv2%2Fproduct_cat&post=3052"},{"taxonomy":"product_tag","embeddable":true,"href":"https:\/\/jocatapult.de\/index.php?rest_route=%2Fwp%2Fv2%2Fproduct_tag&post=3052"}],"curies":[{"name":"wp","href":"https:\/\/api.w.org\/{rel}","templated":true}]}}