{"id":3340,"date":"2022-08-17T11:31:52","date_gmt":"2022-08-17T11:31:52","guid":{"rendered":"https:\/\/jocatapult.de\/?post_type=product&#038;p=3340"},"modified":"2023-05-17T21:40:38","modified_gmt":"2023-05-17T21:40:38","slug":"einzelstueck-zwille-aus-astgabel-20-tonkugeln","status":"publish","type":"product","link":"https:\/\/jocatapult.de\/?product=einzelstueck-zwille-aus-astgabel-20-tonkugeln","title":{"rendered":"Einzelst\u00fcck &#8211; Zwille aus Astgabel + 20 Tonkugeln"},"content":{"rendered":"<p>Video: Ersatzband an Schleuder befestigen<\/p>\n<div class=\"jetpack-video-wrapper\"><iframe hcb-fetch-image-from=\"https:\/\/youtube.com\/watch?v=p5bTjpT5JhQ\" title=\"Ersatzband dopplet an starker Zwille befestigen. So einfach gehts!\" width=\"720\" height=\"405\" src=\"https:\/\/www.youtube.com\/embed\/p5bTjpT5JhQ?feature=oembed\" frameborder=\"0\" allow=\"accelerometer; autoplay; clipboard-write; encrypted-media; gyroscope; picture-in-picture; web-share\" allowfullscreen><\/iframe><\/div>\n","protected":false},"excerpt":{"rendered":"<p>Diese Zwille ist aus einer Astgabel die von einer Waldwanderung stammt, hergestellt und als Einzelst\u00fcck besonders wertvoll. Es lassen sich einfache oder zweifache B\u00e4nder an ihr befestigen. Der Griff ist mit Streifen aus Rinderleder verziert.<\/p>\n<p>Die Schleuder wird mit befestigten Flachbandgummi geliefert.<\/p>\n<p><strong>Aus eigener Herstellung:<\/strong><br \/>\n&#8211; Im Wald gesammelt von frisch herabgefallenen \u00c4sten<br \/>\n&#8211; Ges\u00e4gt, Rinde entfernt und getrocknet<br \/>\n&#8211; Gefeilt und mit Schleifpapier bearbeitet<br \/>\n&#8211; Mit Natur Lein\u00f6l bestrichen und getrocknet<\/p>\n<p><strong>Zubeh\u00f6r:<\/strong><br \/>\n&#8211; Leistungsstarkes Theraband gold 2 Fach mit K\u00e4nguruleder Pouch und 3 L\u00f6chern f\u00fcr weniger Luftwiderstand<br \/>\n&#8211; Optimal f\u00fcr 10mm bis 20mm Schussobjekte<br \/>\n&#8211; 21cm L\u00e4nge &#8211; kann bis zur Wange ausgezogen werden<br \/>\n&#8211; Zuschnitt von 18mm bei Gabel auf 12mm bei Leder-Pouch<\/p>\n<p><strong>Wichtig:<\/strong><br \/>\nDiese B\u00e4nder sind aufgrund der gro\u00dfen Belastung und hohen Geschwindigkeiten Verschlei\u00dfteile und sollten vor jedem Schuss kontrolliert werden.<\/p>\n<p>Eine Schleuder ist kein Spielzeug, nicht auf Menschen oder Tiere zielen!<\/p>\n","protected":false},"featured_media":3341,"comment_status":"closed","ping_status":"closed","template":"","meta":{"jetpack_post_was_ever_published":false},"product_cat":[153],"product_tag":[],"_links":{"self":[{"href":"https:\/\/jocatapult.de\/index.php?rest_route=\/wp\/v2\/product\/3340"}],"collection":[{"href":"https:\/\/jocatapult.de\/index.php?rest_route=\/wp\/v2\/product"}],"about":[{"href":"https:\/\/jocatapult.de\/index.php?rest_route=\/wp\/v2\/types\/product"}],"replies":[{"embeddable":true,"href":"https:\/\/jocatapult.de\/index.php?rest_route=%2Fwp%2Fv2%2Fcomments&post=3340"}],"wp:featuredmedia":[{"embeddable":true,"href":"https:\/\/jocatapult.de\/index.php?rest_route=\/wp\/v2\/media\/3341"}],"wp:attachment":[{"href":"https:\/\/jocatapult.de\/index.php?rest_route=%2Fwp%2Fv2%2Fmedia&parent=3340"}],"wp:term":[{"taxonomy":"product_cat","embeddable":true,"href":"https:\/\/jocatapult.de\/index.php?rest_route=%2Fwp%2Fv2%2Fproduct_cat&post=3340"},{"taxonomy":"product_tag","embeddable":true,"href":"https:\/\/jocatapult.de\/index.php?rest_route=%2Fwp%2Fv2%2Fproduct_tag&post=3340"}],"curies":[{"name":"wp","href":"https:\/\/api.w.org\/{rel}","templated":true}]}}