{"id":3763,"date":"2023-01-23T09:18:33","date_gmt":"2023-01-23T09:18:33","guid":{"rendered":"https:\/\/jocatapult.de\/?post_type=product&#038;p=3763"},"modified":"2025-05-22T15:08:51","modified_gmt":"2025-05-22T15:08:51","slug":"bauset-fuer-schleuder-flachbaender","status":"publish","type":"product","link":"https:\/\/jocatapult.de\/?product=bauset-fuer-schleuder-flachbaender","title":{"rendered":"Bauset f\u00fcr Schleuder-Flachb\u00e4nder mit Video"},"content":{"rendered":"","protected":false},"excerpt":{"rendered":"<p>In diesem Bauset sind die wichtigsten Materialien um dir ein eigenes Flachband f\u00fcr eine Schleuder zu bauen oder dieses zu reparieren. In dem Video unten wird beschrieben wie du dir ein einfaches Flachband aus Theraband gold baust. Mit der gleichen Methode kannst du auch 2 oder 3 fache B\u00e4nder bauen.<\/p>\n<p><strong>Im Set enthalten:<\/strong><br \/>\n&#8211; 1 x Rollschneider + Ersatzklinge<br \/>\n&#8211; 50cm Theraband gold f\u00fcr Flachb\u00e4nder<br \/>\n&#8211; 20cm Theraband gelb f\u00fcr die Befestigung<br \/>\n&#8211; 10 x 6cm K\u00e4nguruleder in 4 Farben zur Auswahl<br \/>\n&#8211; 20cm Maurerschnur zum Anbinden<\/p>\n<p><strong>Noch ben\u00f6tigtes Werkzeug:<\/strong><br \/>\nDas folgende Werkzeug wird auch beb\u00f6tigt ist aber nicht hier im Shop erh\u00e4ltlich. Es kann aber \u00fcber folgende Links auf Ebay bestellt werden:<br \/>\n&#8211; 2 x Schraust\u00f6cke: <a href=\"https:\/\/ebay.us\/e61nga\" target=\"_blank\" rel=\"noopener\">https:\/\/ebay.us\/e61nga<\/a><br \/>\n&#8211; Schneidematte: <a href=\"https:\/\/ebay.us\/tVQg20\" target=\"_blank\" rel=\"noopener\">https:\/\/ebay.us\/tVQg20<\/a><br \/>\n&#8211; Metalllineal: <a href=\"https:\/\/ebay.us\/v6vJMU\" target=\"_blank\" rel=\"noopener\">https:\/\/ebay.us\/v6vJMU<\/a><br \/>\n&#8211; Locheisen: <a href=\"https:\/\/ebay.us\/k80ZZw\" target=\"_blank\" rel=\"noopener\">https:\/\/ebay.us\/k80ZZw<\/a><br \/>\n&#8211; Hammer: <a href=\"https:\/\/ebay.us\/PRALrE\" target=\"_blank\" rel=\"noopener\">https:\/\/ebay.us\/PRALrE<\/a><\/p>\n<p>Bauanleitung f\u00fcr ein einfaches Zwillen-Flachband:<br \/>\nhttps:\/\/www.youtube.com\/watch?v=4rJmiuDYrrk<\/p>\n","protected":false},"featured_media":3765,"comment_status":"closed","ping_status":"closed","template":"","meta":{"jetpack_post_was_ever_published":false},"product_cat":[287],"product_tag":[],"_links":{"self":[{"href":"https:\/\/jocatapult.de\/index.php?rest_route=\/wp\/v2\/product\/3763"}],"collection":[{"href":"https:\/\/jocatapult.de\/index.php?rest_route=\/wp\/v2\/product"}],"about":[{"href":"https:\/\/jocatapult.de\/index.php?rest_route=\/wp\/v2\/types\/product"}],"replies":[{"embeddable":true,"href":"https:\/\/jocatapult.de\/index.php?rest_route=%2Fwp%2Fv2%2Fcomments&post=3763"}],"wp:featuredmedia":[{"embeddable":true,"href":"https:\/\/jocatapult.de\/index.php?rest_route=\/wp\/v2\/media\/3765"}],"wp:attachment":[{"href":"https:\/\/jocatapult.de\/index.php?rest_route=%2Fwp%2Fv2%2Fmedia&parent=3763"}],"wp:term":[{"taxonomy":"product_cat","embeddable":true,"href":"https:\/\/jocatapult.de\/index.php?rest_route=%2Fwp%2Fv2%2Fproduct_cat&post=3763"},{"taxonomy":"product_tag","embeddable":true,"href":"https:\/\/jocatapult.de\/index.php?rest_route=%2Fwp%2Fv2%2Fproduct_tag&post=3763"}],"curies":[{"name":"wp","href":"https:\/\/api.w.org\/{rel}","templated":true}]}}