{"id":3840,"date":"2023-04-04T10:16:06","date_gmt":"2023-04-04T10:16:06","guid":{"rendered":"https:\/\/jocatapult.de\/?post_type=product&#038;p=3840"},"modified":"2024-10-01T16:50:02","modified_gmt":"2024-10-01T16:50:02","slug":"david-schleuder-rock-sling-catasling-style-neu-2023","status":"publish","type":"product","link":"https:\/\/jocatapult.de\/?product=david-schleuder-rock-sling-catasling-style-neu-2023","title":{"rendered":"David-Schleuder &#8222;CataSling-Style&#8220; Retro"},"content":{"rendered":"","protected":false},"excerpt":{"rendered":"<p>Das Modell &#8222;CataSling&#8220; ist der moderne Nachbau der Steinschleuder, die als erste Wurfwaffe der Menschheit gilt. Urspr\u00fcnglich als Fernwaffe genutzt, war sie von der Antike bis ins Hochmittelalter weit verbreitet. Sie ist aufgrund ihrer einfachen Bauweise und der Vielf\u00e4ltigkeit ihrer anwendbaren Techniken einzigartig.<\/p>\n<p>Die neuen &#8222;CataSling-Style&#8220; Modelle sind in vier Lederfarben, zwei Bandfarben, zwei L\u00e4ngen und wenn gew\u00fcnscht mit eingestanzten Buchstaben wie z.b. Erster Buchstabe vom Vor-und Nachnahme erh\u00e4ltlich. Der Lederbeutel ist f\u00fcr Golf-und Tennisb\u00e4lle geeignet.<\/p>\n<p><strong>Wurftechniken:<\/strong><br \/>\n\u2013 Unterhand-Wurf<br \/>\n\u2013 Oberhand-Wurf<br \/>\n\u2013 Seitenarm-Wurf<br \/>\n\u2013 Helikopter-Wurf<\/p>\n<p><strong>Kurze Schleuder &#8211; 50cm<\/strong><br \/>\nMit der Kurzen lassen sich alle Techniken gut aus\u00fcben weil sie wegen ihrer L\u00e4nge bei Unter-und Oberhandw\u00fcrfen nicht auf dem Boden schleift. Auch f\u00fcr Kinder und Jugendliche ist sie deswegen besser geeignet.<\/p>\n<p><strong>Lange Schleuder &#8211; 68cm<\/strong><br \/>\nMit der Langen l\u00e4sst sich die Helikopter Technik gut ausf\u00fchren und eine h\u00f6here Drehgeschwindigkeit erreichen. Gr\u00f6\u00dfere Personen (ab 185cm) k\u00f6nnen mit dieser Schleuder evtl auch Unter-und Oberhandw\u00fcrfe aus\u00fcben.<\/p>\n<p><strong>Bauchstaben eingestanzt<\/strong><br \/>\nDu kannst dir zwei Gro\u00dfbuchstaben einstanzen lassen wie zum Beispiel die Anfangsbuchstaben deines Vor- und Nachnames. Wenn du diese Option w\u00e4hlst, trage bitte am Ende der Bestellung im Kassenbereich bei &#8222;Anmerkung zur Bestellung&#8220; die beiden Buchstaben ein. Du kannst auch JC f\u00fcr JoCatapult einstanzen lassen oder das reine Leder ohne Buchstaben.<\/p>\n<p>Lieferumfang: Schleuder und Gebrauchsanweisung.<\/p>\n<p>https:\/\/youtube.com\/shorts\/HDkKlmc9Ud0?feature=share<\/p>\n<p>https:\/\/youtube.com\/shorts\/idLzlji6XcE?feature=share<\/p>\n<p>https:\/\/youtube.com\/shorts\/VhEtpMMMLcw?feature=share<\/p>\n","protected":false},"featured_media":3927,"comment_status":"open","ping_status":"closed","template":"","meta":{"jetpack_post_was_ever_published":false},"product_cat":[113],"product_tag":[181,156,290,179,43,38,151,35,180],"_links":{"self":[{"href":"https:\/\/jocatapult.de\/index.php?rest_route=\/wp\/v2\/product\/3840"}],"collection":[{"href":"https:\/\/jocatapult.de\/index.php?rest_route=\/wp\/v2\/product"}],"about":[{"href":"https:\/\/jocatapult.de\/index.php?rest_route=\/wp\/v2\/types\/product"}],"replies":[{"embeddable":true,"href":"https:\/\/jocatapult.de\/index.php?rest_route=%2Fwp%2Fv2%2Fcomments&post=3840"}],"wp:featuredmedia":[{"embeddable":true,"href":"https:\/\/jocatapult.de\/index.php?rest_route=\/wp\/v2\/media\/3927"}],"wp:attachment":[{"href":"https:\/\/jocatapult.de\/index.php?rest_route=%2Fwp%2Fv2%2Fmedia&parent=3840"}],"wp:term":[{"taxonomy":"product_cat","embeddable":true,"href":"https:\/\/jocatapult.de\/index.php?rest_route=%2Fwp%2Fv2%2Fproduct_cat&post=3840"},{"taxonomy":"product_tag","embeddable":true,"href":"https:\/\/jocatapult.de\/index.php?rest_route=%2Fwp%2Fv2%2Fproduct_tag&post=3840"}],"curies":[{"name":"wp","href":"https:\/\/api.w.org\/{rel}","templated":true}]}}