{"id":4180,"date":"2023-07-15T17:02:02","date_gmt":"2023-07-15T17:02:02","guid":{"rendered":"https:\/\/jocatapult.de\/?post_type=product&#038;p=4180"},"modified":"2023-07-15T17:17:02","modified_gmt":"2023-07-15T17:17:02","slug":"einzelstueck-zwille-aus-multiplex-buche-20-tonkugeln","status":"publish","type":"product","link":"https:\/\/jocatapult.de\/?product=einzelstueck-zwille-aus-multiplex-buche-20-tonkugeln","title":{"rendered":"Einzelst\u00fcck &#8211; Zwille aus Multiplex Buche + 20 Tonkugeln"},"content":{"rendered":"<p>Video: Herstellung einer Zwille aus Multiplex Buche<\/p>\n<div class=\"jetpack-video-wrapper\"><iframe hcb-fetch-image-from=\"https:\/\/youtube.com\/watch?v=y5mQiMP-New\" title=\"Pro\u00adfes\u00adsi\u00ado\u00adnelle Herstellung einer Holz Schleuder aus Multiplex Buche + Werkzeugliste\" width=\"720\" height=\"405\" src=\"https:\/\/www.youtube.com\/embed\/y5mQiMP-New?feature=oembed\" frameborder=\"0\" allow=\"accelerometer; autoplay; clipboard-write; encrypted-media; gyroscope; picture-in-picture; web-share\" allowfullscreen><\/iframe><\/div>\n","protected":false},"excerpt":{"rendered":"<p><strong>Zwille aus Multiplex Buche + 20 Tonkugeln<\/strong><\/p>\n<p>Diese Schleuder ist aus Multiplex Buche und ein Einzelst\u00fcck weil sie auf der R\u00fcckseite einen Asteinschluss hat. Es lassen sich einfache, zwei-und dreifache B\u00e4nder an ihr befestigen.<\/p>\n<p>Vor dem Versand wird das Flachbandgummi an der Schleuder befestigt.<\/p>\n<p><strong>Zubeh\u00f6r:<\/strong><br \/>\n&#8211; Leistungsstarkes Theraband gold 2 Fach mit K\u00e4nguruleder Pouch und 3 L\u00f6chern f\u00fcr weniger Luftwiderstand<br \/>\n&#8211; Optimal f\u00fcr 8mm bis 12mm Schussobjekte<br \/>\n&#8211; 21cm L\u00e4nge &#8211; kann bis zur Wange ausgezogen werden<br \/>\n&#8211; Zuschnitt von 20mm bei Gabel auf 12mm bei Leder-Pouch<\/p>\n<p><strong>Aus eigener Herstellung:<\/strong><br \/>\n&#8211; Ausges\u00e4gt mit einer Dekupiers\u00e4ge<br \/>\n&#8211; Kanten mit einer Fr\u00e4se abgerundet<br \/>\n&#8211; Geschliffen mit einer Bandschleifmaschine<br \/>\n&#8211; Gefeilt und mit Schleifpapier bearbeitet<br \/>\n&#8211; Mit Natur Lein\u00f6l bestrichen und getrocknet<\/p>\n<p><strong>Wichtig:<\/strong><br \/>\nDiese B\u00e4nder sind aufgrund der gro\u00dfen Belastung und hohen Geschwindigkeiten Verschlei\u00dfteile und sollten vor jedem Schuss kontrolliert werden.<\/p>\n<p>Eine Schleuder ist kein Spielzeug, nicht auf Menschen oder Tiere zielen!<\/p>\n","protected":false},"featured_media":4181,"comment_status":"closed","ping_status":"closed","template":"","meta":{"jetpack_post_was_ever_published":false},"product_cat":[153],"product_tag":[],"_links":{"self":[{"href":"https:\/\/jocatapult.de\/index.php?rest_route=\/wp\/v2\/product\/4180"}],"collection":[{"href":"https:\/\/jocatapult.de\/index.php?rest_route=\/wp\/v2\/product"}],"about":[{"href":"https:\/\/jocatapult.de\/index.php?rest_route=\/wp\/v2\/types\/product"}],"replies":[{"embeddable":true,"href":"https:\/\/jocatapult.de\/index.php?rest_route=%2Fwp%2Fv2%2Fcomments&post=4180"}],"wp:featuredmedia":[{"embeddable":true,"href":"https:\/\/jocatapult.de\/index.php?rest_route=\/wp\/v2\/media\/4181"}],"wp:attachment":[{"href":"https:\/\/jocatapult.de\/index.php?rest_route=%2Fwp%2Fv2%2Fmedia&parent=4180"}],"wp:term":[{"taxonomy":"product_cat","embeddable":true,"href":"https:\/\/jocatapult.de\/index.php?rest_route=%2Fwp%2Fv2%2Fproduct_cat&post=4180"},{"taxonomy":"product_tag","embeddable":true,"href":"https:\/\/jocatapult.de\/index.php?rest_route=%2Fwp%2Fv2%2Fproduct_tag&post=4180"}],"curies":[{"name":"wp","href":"https:\/\/api.w.org\/{rel}","templated":true}]}}