{"id":666,"date":"2013-09-05T17:00:28","date_gmt":"2013-09-05T17:00:28","guid":{"rendered":"http:\/\/jocatapult.de\/?post_type=product&#038;p=666"},"modified":"2025-12-31T23:24:00","modified_gmt":"2025-12-31T23:24:00","slug":"catasling-short","status":"publish","type":"product","link":"https:\/\/jocatapult.de\/?product=catasling-short","title":{"rendered":"Rock Stone Sling \/ David-Schleuder &#8211; CataSling-short"},"content":{"rendered":"","protected":false},"excerpt":{"rendered":"<p>Das Modell, CataSling, ist der moderne Nachbau der Steinschleuder, die als erste Wurfwaffe der Menschheit gilt. Urspr\u00fcnglich als Fernwaffe genutzt, war sie von der Antike bis ins Hochmittelalter weit verbreitet. Sie ist Aufgrund ihrer einfachen Bauweise und der Vielf\u00e4ltigkeit ihrer anwendbaren Techniken einzigartig.<\/p>\n<p>Mit dem kurzen Modell lassen sich alle Techniken gut aus\u00fcben weil sie wegen ihrer L\u00e4nge bei Unter-und Oberhandw\u00fcrfen nicht auf dem Boden schleift. Auch f\u00fcr Kinder und Jugendliche ist sie deswegen besser geeignet.<br \/>\n<strong>Wurftechniken:<\/strong><\/p>\n<p>&#8211; sidearm (greek style)- Seitenarm<br \/>\n&#8211; underhand &#8211; Unterhand<br \/>\n&#8211; overhand &#8211; Oberhand<br \/>\n&#8211; helicopter &#8211; Helikopter<\/p>\n<p>Wurfl\u00e4nge: 56cm<br \/>\nGesamtl\u00e4nge: 120cm<\/p>\n<p>Gut geeigent f\u00fcr: Tennisb\u00e4lle, Schlag-und Wurfb\u00e4lle<\/p>\n<p>Lieferumfang: Schleuder und Gebrauchsanweisung.<\/p>\n<p><a href=\"http:\/\/jocatapult.de\/?product=catasling-long\">&gt;CataSling-long&lt;&lt;<\/a> erhaltet ihr auch im Shop. Mit diesem l\u00e4ngeren Modell erreicht ihr noch gr\u00f6\u00dfere Distanzen, k\u00f6nnt aber nicht so viele Wurftechniken ausf\u00fchren.<\/p>\n<p>Video: Wie verwendet man eine Steinschleuder:<\/p>\n<p>https:\/\/youtu.be\/XuCMCMvcxfo<\/p>\n","protected":false},"featured_media":2010,"comment_status":"open","ping_status":"closed","template":"","meta":{"jetpack_post_was_ever_published":false},"product_cat":[113],"product_tag":[150,156,148,43,38,151,5,35],"_links":{"self":[{"href":"https:\/\/jocatapult.de\/index.php?rest_route=\/wp\/v2\/product\/666"}],"collection":[{"href":"https:\/\/jocatapult.de\/index.php?rest_route=\/wp\/v2\/product"}],"about":[{"href":"https:\/\/jocatapult.de\/index.php?rest_route=\/wp\/v2\/types\/product"}],"replies":[{"embeddable":true,"href":"https:\/\/jocatapult.de\/index.php?rest_route=%2Fwp%2Fv2%2Fcomments&post=666"}],"wp:featuredmedia":[{"embeddable":true,"href":"https:\/\/jocatapult.de\/index.php?rest_route=\/wp\/v2\/media\/2010"}],"wp:attachment":[{"href":"https:\/\/jocatapult.de\/index.php?rest_route=%2Fwp%2Fv2%2Fmedia&parent=666"}],"wp:term":[{"taxonomy":"product_cat","embeddable":true,"href":"https:\/\/jocatapult.de\/index.php?rest_route=%2Fwp%2Fv2%2Fproduct_cat&post=666"},{"taxonomy":"product_tag","embeddable":true,"href":"https:\/\/jocatapult.de\/index.php?rest_route=%2Fwp%2Fv2%2Fproduct_tag&post=666"}],"curies":[{"name":"wp","href":"https:\/\/api.w.org\/{rel}","templated":true}]}}