{"id":696,"date":"2013-09-05T16:55:56","date_gmt":"2013-09-05T16:55:56","guid":{"rendered":"http:\/\/jocatapult.de\/?post_type=product&#038;p=696"},"modified":"2025-03-01T16:30:15","modified_gmt":"2025-03-01T16:30:15","slug":"catasling-long","status":"publish","type":"product","link":"https:\/\/jocatapult.de\/?product=catasling-long","title":{"rendered":"Rock Stone Sling \/ David-Schleuder &#8211; CataSling-long"},"content":{"rendered":"","protected":false},"excerpt":{"rendered":"<p>Das Modell CataSling-long ist der moderne Nachbau der Steinschleuder, die als erste Wurfwaffe der Menschheit gilt. Urspr\u00fcnglich als Fernwaffe genutzt, war sie von der Antike bis ins Hochmittelalter weit verbreitet.Sie ist wegen ihrer einfachen Bauweise und der Vielf\u00e4ltigkeit ihrer anwendbaren Techniken einzigartig.<\/p>\n<p>Mit dem langen Modell l\u00e4sst sich die Helikopter Technik gut ausf\u00fchren und eine h\u00f6here Drehgeschwindigkeit erreichen. Gr\u00f6\u00dfere Personen (ab 185cm) k\u00f6nnen mit dieser Schleuder evtl auch Unter-und Oberhandw\u00fcrfe aus\u00fcben.<\/p>\n<p><strong>Wurftechniken:\u2028<\/strong> Helikopter<br \/>\n<strong>Wurfl\u00e4nge:\u2028<\/strong> 78cm<br \/>\n<strong>Gesamtl\u00e4nge:\u2028<\/strong> 166cm<\/p>\n<p>Gut geeigent f\u00fcr: Tennisb\u00e4lle, Schlag-und Wurfb\u00e4lle<\/p>\n<p>Lieferumfang: Schleuder und Gebrauchsanweisung.<\/p>\n<p>Video: Wie verwendet man eine Steinschleuder<\/p>\n<p>https:\/\/youtu.be\/5NjQqcg2Sv0<\/p>\n","protected":false},"featured_media":2011,"comment_status":"open","ping_status":"closed","template":"","meta":{"jetpack_post_was_ever_published":false},"product_cat":[113],"product_tag":[150,77,148,20,4,35],"_links":{"self":[{"href":"https:\/\/jocatapult.de\/index.php?rest_route=\/wp\/v2\/product\/696"}],"collection":[{"href":"https:\/\/jocatapult.de\/index.php?rest_route=\/wp\/v2\/product"}],"about":[{"href":"https:\/\/jocatapult.de\/index.php?rest_route=\/wp\/v2\/types\/product"}],"replies":[{"embeddable":true,"href":"https:\/\/jocatapult.de\/index.php?rest_route=%2Fwp%2Fv2%2Fcomments&post=696"}],"wp:featuredmedia":[{"embeddable":true,"href":"https:\/\/jocatapult.de\/index.php?rest_route=\/wp\/v2\/media\/2011"}],"wp:attachment":[{"href":"https:\/\/jocatapult.de\/index.php?rest_route=%2Fwp%2Fv2%2Fmedia&parent=696"}],"wp:term":[{"taxonomy":"product_cat","embeddable":true,"href":"https:\/\/jocatapult.de\/index.php?rest_route=%2Fwp%2Fv2%2Fproduct_cat&post=696"},{"taxonomy":"product_tag","embeddable":true,"href":"https:\/\/jocatapult.de\/index.php?rest_route=%2Fwp%2Fv2%2Fproduct_tag&post=696"}],"curies":[{"name":"wp","href":"https:\/\/api.w.org\/{rel}","templated":true}]}}