{"id":725,"date":"2013-09-05T16:51:34","date_gmt":"2013-09-05T16:51:34","guid":{"rendered":"http:\/\/jocatapult.de\/?post_type=product&#038;p=725"},"modified":"2024-10-24T10:45:54","modified_gmt":"2024-10-24T10:45:54","slug":"catacatch","status":"publish","type":"product","link":"https:\/\/jocatapult.de\/?product=catacatch","title":{"rendered":"CataCatch-Tennisball"},"content":{"rendered":"","protected":false},"excerpt":{"rendered":"<p>Das Modell, CataCatch, ist der moderne Nachbau der alten Jagdschleuder Boleadora oder auch Bola (Spanisch = Kugel). Sie besteht aus 3 Leinen mit einer L\u00e4nge von jeweils 1,1 Metern und hat an jedem Ende einen Tennisball.<\/p>\n<p>Urspr\u00fcnglich war sie mit Steinen oder kleinen S\u00e4cken f\u00fcr harte Gegenst\u00e4nde best\u00fcckt und wurde bei der Jagd oder in der Schlacht verwendet, um es einem Tier in die Beine zu werfen, was zum Stolpern und Fallen des Tieres &#8211; samt einem aufsitzendem Reiter f\u00fchrte.<\/p>\n<p>&nbsp;<\/p>\n<p><strong>Spielvorschl\u00e4ge f\u00fcr CataCatch:<\/strong><\/p>\n<p>Ideale Wurfziele f\u00fcr CataCatch sind Basketballstangen und Torpfosten auf Sportpl\u00e4tzen aber auch Laternen und B\u00e4ume. Bei einem guten Wurf, wickelt sich CataCatch um das Ziel herum und deswegen sind vertikale Gegenst\u00e4nde als Ziel sehr gut geeignet. Eine gute Wurfentfernung liegt zwischen 20 bis 30 Metern.<\/p>\n<p>1) Man stellt sich schulterbreit seitlich zum Ziel.<\/p>\n<p>2) Die Schleuder ist in der hinteren Hand und die vordere Hand l\u00e4sst sich<br \/>\nals Zielhilfe benutzen, indem man in die Richtung des Zieles zeigt.<\/p>\n<p>3) Jetzt wird die Schleuder \u00fcber dem Kopf wie ein Hubschrauber zum Rotieren gebracht.<\/p>\n<p>4) Nun kommt es darauf an, die Schleuder im richtigen Moment loszulassen.<\/p>\n<p>[yourchannel video=&#8220;https:\/\/youtu.be\/gzi2MqsG64k&#8220;]<\/p>\n","protected":false},"featured_media":643,"comment_status":"open","ping_status":"closed","template":"","meta":{"jetpack_post_was_ever_published":false},"product_cat":[133],"product_tag":[114,101,148,6,43,38],"_links":{"self":[{"href":"https:\/\/jocatapult.de\/index.php?rest_route=\/wp\/v2\/product\/725"}],"collection":[{"href":"https:\/\/jocatapult.de\/index.php?rest_route=\/wp\/v2\/product"}],"about":[{"href":"https:\/\/jocatapult.de\/index.php?rest_route=\/wp\/v2\/types\/product"}],"replies":[{"embeddable":true,"href":"https:\/\/jocatapult.de\/index.php?rest_route=%2Fwp%2Fv2%2Fcomments&post=725"}],"wp:featuredmedia":[{"embeddable":true,"href":"https:\/\/jocatapult.de\/index.php?rest_route=\/wp\/v2\/media\/643"}],"wp:attachment":[{"href":"https:\/\/jocatapult.de\/index.php?rest_route=%2Fwp%2Fv2%2Fmedia&parent=725"}],"wp:term":[{"taxonomy":"product_cat","embeddable":true,"href":"https:\/\/jocatapult.de\/index.php?rest_route=%2Fwp%2Fv2%2Fproduct_cat&post=725"},{"taxonomy":"product_tag","embeddable":true,"href":"https:\/\/jocatapult.de\/index.php?rest_route=%2Fwp%2Fv2%2Fproduct_tag&post=725"}],"curies":[{"name":"wp","href":"https:\/\/api.w.org\/{rel}","templated":true}]}}