{"id":733,"date":"2013-09-05T16:50:40","date_gmt":"2013-09-05T16:50:40","guid":{"rendered":"http:\/\/jocatapult.de\/?post_type=product&#038;p=733"},"modified":"2025-08-26T11:10:43","modified_gmt":"2025-08-26T11:10:43","slug":"catagoal","status":"publish","type":"product","link":"https:\/\/jocatapult.de\/?product=catagoal","title":{"rendered":"3 Personen Katapult f\u00fcr B\u00e4lle &#8222;CataGoal&#8220;"},"content":{"rendered":"<p>3 Personen Schleuder richtig verwenden:<\/p>\n<div class=\"jetpack-video-wrapper\"><iframe hcb-fetch-image-from=\"https:\/\/youtu.be\/eb15mJRjaEs\" title=\"3 Personen Schleuder richtig verwenden - kurzer Ausschnitt\" width=\"720\" height=\"540\" src=\"https:\/\/www.youtube.com\/embed\/eb15mJRjaEs?feature=oembed\" frameborder=\"0\" allow=\"accelerometer; autoplay; clipboard-write; encrypted-media; gyroscope; picture-in-picture; web-share\" referrerpolicy=\"strict-origin-when-cross-origin\" allowfullscreen><\/iframe><\/div>\n","protected":false},"excerpt":{"rendered":"<p>Das Modell &#8222;CataGoal&#8220; ist die eindrucksvollste Sportschleuder von JoCatapult und f\u00fcr 3 Personen konstruiert. Sie besitzt eine gro\u00dfe Haltelasche und es lassen sich damit Fussb\u00e4lle oder auch Handb\u00e4lle bis zu 80 Meter weit katapultieren.<\/p>\n<p>Das Katapult ist mit starken schwarzen Gummileinen die auch bei Segelboten verwendet werden ausgestattet.<strong><br \/>\n<\/strong><br \/>\n&#8211; konstruiert f\u00fcr 3 Personen<br \/>\n&#8211; bis zu 80 Meter Reichweite<br \/>\n&#8211; spezielle Haltelasche, geeignet f\u00fcr Fussb\u00e4lle, Volleyb\u00e4lle, Handb\u00e4lle, Basketb\u00e4lle, Footballs etc.<br \/>\n&#8211; L\u00e4nge: von 130cm auf 230cm dehnbar<\/p>\n<p>&nbsp;<\/p>\n","protected":false},"featured_media":886,"comment_status":"open","ping_status":"closed","template":"","meta":{"jetpack_post_was_ever_published":false},"product_cat":[134],"product_tag":[84,154,148,22,43],"_links":{"self":[{"href":"https:\/\/jocatapult.de\/index.php?rest_route=\/wp\/v2\/product\/733"}],"collection":[{"href":"https:\/\/jocatapult.de\/index.php?rest_route=\/wp\/v2\/product"}],"about":[{"href":"https:\/\/jocatapult.de\/index.php?rest_route=\/wp\/v2\/types\/product"}],"replies":[{"embeddable":true,"href":"https:\/\/jocatapult.de\/index.php?rest_route=%2Fwp%2Fv2%2Fcomments&post=733"}],"wp:featuredmedia":[{"embeddable":true,"href":"https:\/\/jocatapult.de\/index.php?rest_route=\/wp\/v2\/media\/886"}],"wp:attachment":[{"href":"https:\/\/jocatapult.de\/index.php?rest_route=%2Fwp%2Fv2%2Fmedia&parent=733"}],"wp:term":[{"taxonomy":"product_cat","embeddable":true,"href":"https:\/\/jocatapult.de\/index.php?rest_route=%2Fwp%2Fv2%2Fproduct_cat&post=733"},{"taxonomy":"product_tag","embeddable":true,"href":"https:\/\/jocatapult.de\/index.php?rest_route=%2Fwp%2Fv2%2Fproduct_tag&post=733"}],"curies":[{"name":"wp","href":"https:\/\/api.w.org\/{rel}","templated":true}]}}