{"id":734,"date":"2013-09-05T16:23:46","date_gmt":"2013-09-05T16:23:46","guid":{"rendered":"http:\/\/jocatapult.de\/?post_type=product&#038;p=734"},"modified":"2024-10-24T11:23:59","modified_gmt":"2024-10-24T11:23:59","slug":"catabumm","status":"publish","type":"product","link":"https:\/\/jocatapult.de\/?product=catabumm","title":{"rendered":"1 Personen Katapult f\u00fcr Kinder &#8222;CataBumm&#8220;"},"content":{"rendered":"","protected":false},"excerpt":{"rendered":"<p>Das Modell &#8222;CataBumm&#8220; ist der kleine Bruder von <a href=\"http:\/\/jocatapult.de\/?product=catawumm\">&gt;&gt;CataWumm&lt;&lt;<\/a>.<br \/>\nEs ist nur halb so gro\u00df und Ihr ben\u00f6tigt weniger Kraft um es zu spannen.<\/p>\n<p>An den beiden Enden befinden sich Gurtspanner, die es erm\u00f6glichen, das Katapult an den F\u00fcssen oder Gegenst\u00e4nden zu befestigen.<\/p>\n<p>CataBumm l\u00e4sst sich beispielsweise hervorragend an den H\u00f6rnern eines Fahrradlenkers anbringen und ist auch als Kuscheltier-Schleuder f\u00fcr Kinder hervorragend geeignet.<\/p>\n","protected":false},"featured_media":1755,"comment_status":"open","ping_status":"closed","template":"","meta":{"jetpack_post_was_ever_published":false},"product_cat":[134],"product_tag":[11,116,43,4],"_links":{"self":[{"href":"https:\/\/jocatapult.de\/index.php?rest_route=\/wp\/v2\/product\/734"}],"collection":[{"href":"https:\/\/jocatapult.de\/index.php?rest_route=\/wp\/v2\/product"}],"about":[{"href":"https:\/\/jocatapult.de\/index.php?rest_route=\/wp\/v2\/types\/product"}],"replies":[{"embeddable":true,"href":"https:\/\/jocatapult.de\/index.php?rest_route=%2Fwp%2Fv2%2Fcomments&post=734"}],"wp:featuredmedia":[{"embeddable":true,"href":"https:\/\/jocatapult.de\/index.php?rest_route=\/wp\/v2\/media\/1755"}],"wp:attachment":[{"href":"https:\/\/jocatapult.de\/index.php?rest_route=%2Fwp%2Fv2%2Fmedia&parent=734"}],"wp:term":[{"taxonomy":"product_cat","embeddable":true,"href":"https:\/\/jocatapult.de\/index.php?rest_route=%2Fwp%2Fv2%2Fproduct_cat&post=734"},{"taxonomy":"product_tag","embeddable":true,"href":"https:\/\/jocatapult.de\/index.php?rest_route=%2Fwp%2Fv2%2Fproduct_tag&post=734"}],"curies":[{"name":"wp","href":"https:\/\/api.w.org\/{rel}","templated":true}]}}