{"id":741,"date":"2013-09-05T16:45:03","date_gmt":"2013-09-05T16:45:03","guid":{"rendered":"http:\/\/jocatapult.de\/?post_type=product&#038;p=741"},"modified":"2024-10-24T11:25:03","modified_gmt":"2024-10-24T11:25:03","slug":"catarumms","status":"publish","type":"product","link":"https:\/\/jocatapult.de\/?product=catarumms","title":{"rendered":"3 Personen Katapult &#8222;CataRumms&#8220;"},"content":{"rendered":"<p>3 Personen Schleuder richtig verwenden. In diesem Video ist das Video mit der etwas gr\u00f6\u00dferen Schleuder \u201eCataGoal\u201c zu sehen:<\/p>\n<div hcb-fetch-image-from=\"https:\/\/youtu.be\/eb15mJRjaEs\" class=\"jetpack-video-wrapper\"><iframe title=\"3 Personen Schleuder richtig verwenden - kurzer Ausschnitt\" width=\"720\" height=\"540\" src=\"https:\/\/www.youtube.com\/embed\/eb15mJRjaEs?feature=oembed\" frameborder=\"0\" allow=\"accelerometer; autoplay; clipboard-write; encrypted-media; gyroscope; picture-in-picture; web-share\" referrerpolicy=\"strict-origin-when-cross-origin\" allowfullscreen><\/iframe><\/div>\n","protected":false},"excerpt":{"rendered":"<p>Das Modell &#8222;CataRumms&#8220; ist f\u00fcr 3 Personen konstruiert. 2 Personen dienen als Halter und sorgen f\u00fcr die n\u00f6tige Stabilit\u00e4t, w\u00e4hrend Person 3, der Sch\u00fctze, das Katapult auf Spannung bringt.<\/p>\n<p>Das Katapult ist mit starken schwarzen Gummileinen ausgestattet.<\/p>\n<p>An den beiden Enden befinden sich Schlaufen mit Gurtspannern, die es erm\u00f6glichen, das Katapult an den Armen oder Gegenst\u00e4nden zu befestigen.<\/p>\n<p>&#8211; konstruiert f\u00fcr 3 Personen<br \/>\n<span style=\"line-height: 1.5;\">&#8211; spezielle Haltelasche, geeignet f\u00fcr Tennisb\u00e4lle, Softb\u00e4lle, Squaschb\u00e4lle, Golfb\u00e4lle und auch Paintballs<\/span><br \/>\n&#8211; L\u00e4nge: von 90cm bis auf 180cm dehnbar.<\/p>\n","protected":false},"featured_media":2978,"comment_status":"open","ping_status":"closed","template":"","meta":{"jetpack_post_was_ever_published":false},"product_cat":[134],"product_tag":[84,8,148,43,4],"_links":{"self":[{"href":"https:\/\/jocatapult.de\/index.php?rest_route=\/wp\/v2\/product\/741"}],"collection":[{"href":"https:\/\/jocatapult.de\/index.php?rest_route=\/wp\/v2\/product"}],"about":[{"href":"https:\/\/jocatapult.de\/index.php?rest_route=\/wp\/v2\/types\/product"}],"replies":[{"embeddable":true,"href":"https:\/\/jocatapult.de\/index.php?rest_route=%2Fwp%2Fv2%2Fcomments&post=741"}],"wp:featuredmedia":[{"embeddable":true,"href":"https:\/\/jocatapult.de\/index.php?rest_route=\/wp\/v2\/media\/2978"}],"wp:attachment":[{"href":"https:\/\/jocatapult.de\/index.php?rest_route=%2Fwp%2Fv2%2Fmedia&parent=741"}],"wp:term":[{"taxonomy":"product_cat","embeddable":true,"href":"https:\/\/jocatapult.de\/index.php?rest_route=%2Fwp%2Fv2%2Fproduct_cat&post=741"},{"taxonomy":"product_tag","embeddable":true,"href":"https:\/\/jocatapult.de\/index.php?rest_route=%2Fwp%2Fv2%2Fproduct_tag&post=741"}],"curies":[{"name":"wp","href":"https:\/\/api.w.org\/{rel}","templated":true}]}}